{"id":1291,"date":"2025-07-10T15:17:44","date_gmt":"2025-07-10T19:17:44","guid":{"rendered":"https:\/\/handicaplaurentides.ca\/?page_id=1291"},"modified":"2025-07-15T13:56:58","modified_gmt":"2025-07-15T17:56:58","slug":"accessibilite","status":"publish","type":"page","link":"https:\/\/handicaplaurentides.ca\/ls\/accessibilite\/","title":{"rendered":"Accessibilit\u00e9"},"content":{"rendered":"\r\n\r\n<section class=\"container-eklo\">\r\n    <div class=\"container\">\r\n        <!--\r\n       <div class=\"contrainer-title\">\r\n           <h2><\/h2>\r\n       <\/div>\r\n       -->        <div class=\"container-eklo-content\">\r\n                        <div class=\"acf-innerblocks-container\">\n\n<p>L\u2019accessibilit\u00e9 est une priorit\u00e9 dans ce site Web.<\/p>\n\n\n\n<p>Plusieurs \u00e9l\u00e9ments ont \u00e9t\u00e9 pens\u00e9s pour le rendre facile \u00e0 utiliser.<\/p>\n\n\n\n<p>Si vous avez de la difficult\u00e9 \u00e0 naviguer ou si le site ne r\u00e9pond pas \u00e0 vos besoins, <a href=\"https:\/\/handicaplaurentides.ca\/ls\/nous-joindre\/\">contactez-nous<\/a>.<\/p>\n\n\n\n<h2 class=\"wp-block-heading\">Mesures conformes aux standards d\u2019accessibilit\u00e9 du gouvernement du Qu\u00e9bec<\/h2>\n\n\n\n<ul class=\"wp-block-list\">\n<li>Titres bien organis\u00e9s pour structurer les pages<\/li>\n\n\n\n<li>Textes \u00e9quivalents aux images utiles<\/li>\n\n\n\n<li>\u00c9tiquettes claires pour les champs de formulaire<\/li>\n\n\n\n<li>Liens faciles \u00e0 comprendre<\/li>\n\n\n\n<li>Utilisation de feuilles de style pour distinguer le contenu et la mise en page<\/li>\n\n\n\n<li>Feuilles de style sans erreur de code<\/li>\n\n\n\n<li>Pas de fen\u00eatres qui s\u2019ouvrent toutes seules<\/li>\n\n\n\n<li>Pas de tableaux complexes pour les donn\u00e9es<\/li>\n\n\n\n<li>Et plus encore!<\/li>\n<\/ul>\n\n\n\n<h2 class=\"wp-block-heading\"><strong>Mesures allant plus loin que les standards<\/strong><\/h2>\n\n\n\n<ul class=\"wp-block-list\">\n<li>Affichage qui s\u2019adapte \u00e0 la taille de l\u2019\u00e9cran (Responsive Design)<\/li>\n\n\n\n<li>Boutons pour agrandir le texte<\/li>\n\n\n\n<li>Message quand un lien ouvre une nouvelle fen\u00eatre<\/li>\n\n\n\n<li>Lien en haut de chaque page pour aller directement au contenu<\/li>\n\n\n\n<li>Langage simple et facile \u00e0 comprendre<\/li>\n<\/ul>\n\n\n\n<p>Le site est v\u00e9rifi\u00e9 r\u00e9guli\u00e8rement avec des navigateurs et lecteurs d\u2019\u00e9cran r\u00e9cents.<\/p>\n\n\n\n<ul class=\"wp-block-list\">\n<li>Lecteurs d\u2019\u00e9cran utilis\u00e9s : JAWS, NVDA (PC), VoiceOver (iOS), TalkBack (Android)<\/li>\n\n\n\n<li>Navigateurs test\u00e9s : Chrome, Safari, Firefox, Edge<\/li>\n\n\n\n<li>Outils utilis\u00e9s pour les tests : WAVE, AXE DevTools, Colour Contrast Analyser, Web Developer Toolbar, et d\u2019autres<\/li>\n<\/ul>\n\n<\/div>\r\n        <\/div>\r\n    <\/div>\r\n\r\n    <\/section>\r\n\r\n","protected":false},"excerpt":{"rendered":"<p class=\"news-item-excerpt\">L\u2019accessibilit\u00e9 est une priorit\u00e9 dans ce site Web. Plusieurs \u00e9l\u00e9ments ont \u00e9t\u00e9 pens\u00e9s pour le rendre facile \u00e0 utiliser. Si...<\/p><a href=\"https:\/\/handicaplaurentides.ca\/ls\/accessibilite\/\" class=\"news-item-link\"><i class=\"fa-solid fa-angle-right\"><\/i>Voir la fiche <span class=\"sr-only\">\u00e0 propos de Accessibilit\u00e9<\/span><\/a>","protected":false},"author":3,"featured_media":0,"parent":0,"menu_order":3,"comment_status":"closed","ping_status":"closed","template":"","meta":{"_acf_changed":false,"footnotes":""},"class_list":["post-1291","page","type-page","status-publish","hentry"],"acf":[],"yoast_head":"<!-- This site is optimized with the Yoast SEO plugin v26.0 - https:\/\/yoast.com\/wordpress\/plugins\/seo\/ -->\n<title>Accessibilit\u00e9 - Regroupement pour la concertation des personnes handicap\u00e9es des Laurentides<\/title>\n<meta name=\"robots\" content=\"index, follow, max-snippet:-1, max-image-preview:large, max-video-preview:-1\" \/>\n<link rel=\"canonical\" href=\"https:\/\/handicaplaurentides.ca\/ls\/accessibilite\/\" \/>\n<meta property=\"og:locale\" content=\"fr_FR\" \/>\n<meta property=\"og:type\" content=\"article\" \/>\n<meta property=\"og:title\" content=\"Accessibilit\u00e9 - Regroupement pour la concertation des personnes handicap\u00e9es des Laurentides\" \/>\n<meta property=\"og:url\" content=\"https:\/\/handicaplaurentides.ca\/ls\/accessibilite\/\" \/>\n<meta property=\"og:site_name\" content=\"Regroupement pour la concertation des personnes handicap\u00e9es des Laurentides\" \/>\n<meta property=\"article:modified_time\" content=\"2025-07-15T17:56:58+00:00\" \/>\n<meta name=\"twitter:card\" content=\"summary_large_image\" \/>\n<meta name=\"twitter:label1\" content=\"Est. reading time\" \/>\n\t<meta name=\"twitter:data1\" content=\"2 minutes\" \/>\n<script type=\"application\/ld+json\" class=\"yoast-schema-graph\">{\"@context\":\"https:\/\/schema.org\",\"@graph\":[{\"@type\":\"WebPage\",\"@id\":\"https:\/\/handicaplaurentides.ca\/ls\/accessibilite\/\",\"url\":\"https:\/\/handicaplaurentides.ca\/ls\/accessibilite\/\",\"name\":\"Accessibilit\u00e9 - Regroupement pour la concertation des personnes handicap\u00e9es des Laurentides\",\"isPartOf\":{\"@id\":\"https:\/\/handicaplaurentides.ca\/#website\"},\"datePublished\":\"2025-07-10T19:17:44+00:00\",\"dateModified\":\"2025-07-15T17:56:58+00:00\",\"breadcrumb\":{\"@id\":\"https:\/\/handicaplaurentides.ca\/ls\/accessibilite\/#breadcrumb\"},\"inLanguage\":\"fr-LS\",\"potentialAction\":[{\"@type\":\"ReadAction\",\"target\":[\"https:\/\/handicaplaurentides.ca\/ls\/accessibilite\/\"]}]},{\"@type\":\"BreadcrumbList\",\"@id\":\"https:\/\/handicaplaurentides.ca\/ls\/accessibilite\/#breadcrumb\",\"itemListElement\":[{\"@type\":\"ListItem\",\"position\":1,\"name\":\"Accueil\",\"item\":\"https:\/\/handicaplaurentides.ca\/ls\/\"},{\"@type\":\"ListItem\",\"position\":2,\"name\":\"Accessibilit\u00e9\"}]},{\"@type\":\"WebSite\",\"@id\":\"https:\/\/handicaplaurentides.ca\/#website\",\"url\":\"https:\/\/handicaplaurentides.ca\/\",\"name\":\"Regroupement pour la concertation des personnes handicap\u00e9es des Laurentides\",\"description\":\"RCPHL\",\"potentialAction\":[{\"@type\":\"SearchAction\",\"target\":{\"@type\":\"EntryPoint\",\"urlTemplate\":\"https:\/\/handicaplaurentides.ca\/?s={search_term_string}\"},\"query-input\":{\"@type\":\"PropertyValueSpecification\",\"valueRequired\":true,\"valueName\":\"search_term_string\"}}],\"inLanguage\":\"fr-LS\"}]}<\/script>\n<!-- \/ Yoast SEO plugin. -->","yoast_head_json":{"title":"Accessibilit\u00e9 - Regroupement pour la concertation des personnes handicap\u00e9es des Laurentides","robots":{"index":"index","follow":"follow","max-snippet":"max-snippet:-1","max-image-preview":"max-image-preview:large","max-video-preview":"max-video-preview:-1"},"canonical":"https:\/\/handicaplaurentides.ca\/ls\/accessibilite\/","og_locale":"fr_FR","og_type":"article","og_title":"Accessibilit\u00e9 - Regroupement pour la concertation des personnes handicap\u00e9es des Laurentides","og_url":"https:\/\/handicaplaurentides.ca\/ls\/accessibilite\/","og_site_name":"Regroupement pour la concertation des personnes handicap\u00e9es des Laurentides","article_modified_time":"2025-07-15T17:56:58+00:00","twitter_card":"summary_large_image","twitter_misc":{"Est. reading time":"2 minutes"},"schema":{"@context":"https:\/\/schema.org","@graph":[{"@type":"WebPage","@id":"https:\/\/handicaplaurentides.ca\/ls\/accessibilite\/","url":"https:\/\/handicaplaurentides.ca\/ls\/accessibilite\/","name":"Accessibilit\u00e9 - Regroupement pour la concertation des personnes handicap\u00e9es des Laurentides","isPartOf":{"@id":"https:\/\/handicaplaurentides.ca\/#website"},"datePublished":"2025-07-10T19:17:44+00:00","dateModified":"2025-07-15T17:56:58+00:00","breadcrumb":{"@id":"https:\/\/handicaplaurentides.ca\/ls\/accessibilite\/#breadcrumb"},"inLanguage":"fr-LS","potentialAction":[{"@type":"ReadAction","target":["https:\/\/handicaplaurentides.ca\/ls\/accessibilite\/"]}]},{"@type":"BreadcrumbList","@id":"https:\/\/handicaplaurentides.ca\/ls\/accessibilite\/#breadcrumb","itemListElement":[{"@type":"ListItem","position":1,"name":"Accueil","item":"https:\/\/handicaplaurentides.ca\/ls\/"},{"@type":"ListItem","position":2,"name":"Accessibilit\u00e9"}]},{"@type":"WebSite","@id":"https:\/\/handicaplaurentides.ca\/#website","url":"https:\/\/handicaplaurentides.ca\/","name":"Regroupement pour la concertation des personnes handicap\u00e9es des Laurentides","description":"RCPHL","potentialAction":[{"@type":"SearchAction","target":{"@type":"EntryPoint","urlTemplate":"https:\/\/handicaplaurentides.ca\/?s={search_term_string}"},"query-input":{"@type":"PropertyValueSpecification","valueRequired":true,"valueName":"search_term_string"}}],"inLanguage":"fr-LS"}]}},"_links":{"self":[{"href":"https:\/\/handicaplaurentides.ca\/ls\/wp-json\/wp\/v2\/pages\/1291","targetHints":{"allow":["GET"]}}],"collection":[{"href":"https:\/\/handicaplaurentides.ca\/ls\/wp-json\/wp\/v2\/pages"}],"about":[{"href":"https:\/\/handicaplaurentides.ca\/ls\/wp-json\/wp\/v2\/types\/page"}],"author":[{"embeddable":true,"href":"https:\/\/handicaplaurentides.ca\/ls\/wp-json\/wp\/v2\/users\/3"}],"replies":[{"embeddable":true,"href":"https:\/\/handicaplaurentides.ca\/ls\/wp-json\/wp\/v2\/comments?post=1291"}],"version-history":[{"count":7,"href":"https:\/\/handicaplaurentides.ca\/ls\/wp-json\/wp\/v2\/pages\/1291\/revisions"}],"predecessor-version":[{"id":1728,"href":"https:\/\/handicaplaurentides.ca\/ls\/wp-json\/wp\/v2\/pages\/1291\/revisions\/1728"}],"wp:attachment":[{"href":"https:\/\/handicaplaurentides.ca\/ls\/wp-json\/wp\/v2\/media?parent=1291"}],"curies":[{"name":"wp","href":"https:\/\/api.w.org\/{rel}","templated":true}]}}