{"id":1708,"date":"2025-07-15T12:14:03","date_gmt":"2025-07-15T16:14:03","guid":{"rendered":"https:\/\/handicaplaurentides.ca\/?page_id=1708"},"modified":"2026-03-26T19:04:31","modified_gmt":"2026-03-26T23:04:31","slug":"communiques","status":"publish","type":"page","link":"https:\/\/handicaplaurentides.ca\/ls\/le-rcphl\/communiques\/","title":{"rendered":"Communiqu\u00e9s"},"content":{"rendered":"\r\n\r\n<section class=\"container-eklo\">\r\n    <div class=\"container\">\r\n        <!--\r\n       <div class=\"contrainer-title\">\r\n           <h2><\/h2>\r\n       <\/div>\r\n       -->        <div class=\"container-eklo-content\">\r\n                        <div class=\"acf-innerblocks-container\">\n\n<h2 class=\"wp-block-heading\">Communiqu\u00e9s et documents d\u2019information<\/h2>\n\n\n\n<p><a href=\"https:\/\/handicaplaurentides.ca\/wp-content\/uploads\/2026\/03\/Communique-RCPHL-Appui-au-mouvement-Le-communautaire-a-boutte.pdf\">Communiqu\u00e9 RCPHL &#8211; Appui au mouvement Le communautaire \u00e0 boutte<\/a><\/p>\n\n\n\n<p><a href=\"https:\/\/handicaplaurentides.ca\/wp-content\/uploads\/2026\/03\/Communique-RCPHL-SQDI-2026.pdf\">Communiqu\u00e9 RCPHL &#8211; Semaine qu\u00e9b\u00e9coise de la d\u00e9ficience intellectuelle<\/a><\/p>\n\n\n\n<p><a href=\"https:\/\/handicaplaurentides.ca\/wp-content\/uploads\/2026\/03\/RCPHL-Tutoriel-SQDI-2025.pdf.pdf\">Tutoriel &#8211; Campagne RCPHL SQDI 2026<\/a><\/p>\n\n\n\n<p><a href=\"https:\/\/handicaplaurentides.ca\/wp-content\/uploads\/2026\/02\/Communique-semaine-DCD-4-fev-2026.pdf\">Communiqu\u00e9 &#8211; Semaine de la d\u00e9fense collective des droits<\/a><\/p>\n\n\n\n<p><a href=\"https:\/\/handicaplaurentides.ca\/wp-content\/uploads\/2025\/12\/Communique-RCPHL-Journee-internationale-des-personnes-handicapees-2025.pdf\">Communiqu\u00e9 RCPHL &#8211; Journ\u00e9e internationale des personnes handicap\u00e9es 2025<\/a><\/p>\n\n\n\n<p><a href=\"https:\/\/handicaplaurentides.ca\/wp-content\/uploads\/2025\/06\/Communique-RCPHL-SQPH-2025-Suivi-evenement.pdf\" target=\"_blank\" rel=\"noreferrer noopener\">Un spectacle inclusif inoubliable pour la Semaine qu\u00e9b\u00e9coise des personnes handicap\u00e9es 2025<\/a><\/p>\n\n\n\n<p><a href=\"https:\/\/handicaplaurentides.ca\/wp-content\/uploads\/2025\/05\/Communique-RCPHL-Spectacle-inclusif-2025.pdf\" target=\"_blank\" rel=\"noreferrer noopener\">Communiqu\u00e9 RCPHL \u2013 Spectacle inclusif 2025<\/a><\/p>\n\n\n\n<p><a href=\"https:\/\/handicaplaurentides.ca\/wp-content\/uploads\/2025\/06\/Communique-SQPH-2025-RCPHL.pdf\" target=\"_blank\" rel=\"noreferrer noopener\">Communiqu\u00e9 RCPHL \u2013 SQPH 202<\/a>5<\/p>\n\n\n\n<p><a href=\"https:\/\/handicaplaurentides.ca\/wp-content\/uploads\/2025\/03\/Communique-RCPHL-SQDI-2025.pdf\">Communiqu\u00e9 RCPHL \u2013 SQDI 2025<\/a><\/p>\n\n\n\n<p><a href=\"https:\/\/handicaplaurentides.ca\/wp-content\/uploads\/2025\/03\/RCPHL-Tutoriel-SQDI-2025.pdf\">RCPHL \u2013 Tutoriel \u2013 SQDI 2025<\/a><\/p>\n\n\n\n<p><a href=\"https:\/\/handicaplaurentides.ca\/wp-content\/uploads\/2024\/12\/Communique-RCPHL-Journee-internationale-des-personnes-handicapees-2024.pdf\">Communiqu\u00e9 RCPHL \u2013 Journ\u00e9e internationale des personnes handicap\u00e9es 2024<\/a><\/p>\n\n\n\n<p><a href=\"https:\/\/handicaplaurentides.ca\/wp-content\/uploads\/2024\/12\/Transport-adapte-Journee-internationale-des-personnes-handicapees-2024-2.pdf\">Transport adapt\u00e9 \u2013 Journ\u00e9e internationale des personnes handicap\u00e9es 2024<\/a><\/p>\n\n\n\n<hr class=\"wp-block-separator has-alpha-channel-opacity\"\/>\n\n\n\n<h2 class=\"wp-block-heading\">Autres communiqu\u00e9s et documents<\/h2>\n\n\n\n<p><a href=\"https:\/\/handicaplaurentides.ca\/wp-content\/uploads\/2024\/05\/Communique-RCPHL-SQPH-2024.pdf\" target=\"_blank\" rel=\"noreferrer noopener\">Communiqu\u00e9 RCPHL \u2013 SQPH 2024<\/a><\/p>\n\n\n\n<p><a href=\"https:\/\/handicaplaurentides.ca\/wp-content\/uploads\/2024\/03\/Communique-de-presse-Lancement-du-site-Internet-Engagez-la-difference.pdf\" target=\"_blank\" rel=\"noreferrer noopener\">Communiqu\u00e9 de presse \u2013 Lancement du site Internet Engagez la diff\u00e9rence<\/a><\/p>\n\n\n\n<p><a href=\"https:\/\/handicaplaurentides.ca\/wp-content\/uploads\/2024\/03\/Affiche-Lancement-Engagez-la-difference.pdf\" target=\"_blank\" rel=\"noreferrer noopener\">Affiche \u2013 Lancement Engagez la diff\u00e9rence<\/a><\/p>\n\n\n\n<p><a href=\"https:\/\/handicaplaurentides.ca\/wp-content\/uploads\/2023\/11\/Communiqu%C3%A9-RCPHL-Journ%C3%A9e-internationale-des-personnes-handicap%C3%A9es-2023.pdf\" target=\"_blank\" rel=\"noreferrer noopener\">Communiqu\u00e9 RCPHL \u2013 Journ\u00e9e internationale des personnes handicap\u00e9es 2023<\/a><\/p>\n\n\n\n<hr class=\"wp-block-separator has-alpha-channel-opacity\"\/>\n\n\n\n<h2 class=\"wp-block-heading\">Bulletins de l\u2019Association des personnes handicap\u00e9es visuelles et aveugles des Laurentides (APHVAL)<\/h2>\n\n\n\n<p><a href=\"https:\/\/handicaplaurentides.ca\/wp-content\/uploads\/2022\/11\/Bulletin-dinformation-no-7-APHVAL-2022-09-30.pdf\">Bulletin d\u2019information no 7 APHVAL<\/a><\/p>\n\n\n\n<p><a href=\"https:\/\/handicaplaurentides.ca\/wp-content\/uploads\/2023\/02\/Bulletin-dinformation-no-9-APHVAL-2023-01-27.pdf\">Bulletin d\u2019information no 9 APHVAL 2023-01-27<\/a><\/p>\n\n\n\n<p><a href=\"https:\/\/handicaplaurentides.ca\/wp-content\/uploads\/2023\/02\/Communiqu%C3%A9-de-presse-pour-semaine-de-la-canne-blanche-2023-APHVAL.pdf\">Communiqu\u00e9 de presse pour semaine de la canne blanche 2023 \u2013 APHVAL<\/a><\/p>\n\n\n\n<hr class=\"wp-block-separator has-alpha-channel-opacity\"\/>\n\n\n\n<h2 class=\"wp-block-heading\">Communiqu\u00e9s des membres<\/h2>\n\n\n\n<p><a href=\"https:\/\/handicaplaurentides.ca\/wp-content\/uploads\/2024\/03\/Communique_Presse_Balado_ITL.docx.pdf\">Communique_Presse_Balado_ITL.docx&nbsp;<\/a><\/p>\n\n<\/div>\r\n        <\/div>\r\n    <\/div>\r\n\r\n    <\/section>\r\n\r\n","protected":false},"excerpt":{"rendered":"<p class=\"news-item-excerpt\">Communiqu\u00e9s et documents d\u2019information Communiqu\u00e9 RCPHL - Appui au mouvement Le communautaire \u00e0 boutte Communiqu\u00e9 RCPHL - Semaine qu\u00e9b\u00e9coise de...<\/p><a href=\"https:\/\/handicaplaurentides.ca\/ls\/le-rcphl\/communiques\/\" class=\"news-item-link\"><i class=\"fa-solid fa-angle-right\"><\/i>Voir la fiche <span class=\"sr-only\">\u00e0 propos de Communiqu\u00e9s<\/span><\/a>","protected":false},"author":3,"featured_media":0,"parent":1705,"menu_order":2,"comment_status":"closed","ping_status":"closed","template":"","meta":{"_acf_changed":false,"footnotes":""},"class_list":["post-1708","page","type-page","status-publish","hentry"],"acf":[],"yoast_head":"<!-- This site is optimized with the Yoast SEO plugin v26.0 - https:\/\/yoast.com\/wordpress\/plugins\/seo\/ -->\n<title>Communiqu\u00e9s - Regroupement pour la concertation des personnes handicap\u00e9es des Laurentides<\/title>\n<meta name=\"robots\" content=\"index, follow, max-snippet:-1, max-image-preview:large, max-video-preview:-1\" \/>\n<link rel=\"canonical\" href=\"https:\/\/handicaplaurentides.ca\/ls\/le-rcphl\/communiques\/\" \/>\n<meta property=\"og:locale\" content=\"fr_FR\" \/>\n<meta property=\"og:type\" content=\"article\" \/>\n<meta property=\"og:title\" content=\"Communiqu\u00e9s - Regroupement pour la concertation des personnes handicap\u00e9es des Laurentides\" \/>\n<meta property=\"og:url\" content=\"https:\/\/handicaplaurentides.ca\/ls\/le-rcphl\/communiques\/\" \/>\n<meta property=\"og:site_name\" content=\"Regroupement pour la concertation des personnes handicap\u00e9es des Laurentides\" \/>\n<meta property=\"article:modified_time\" content=\"2026-03-26T23:04:31+00:00\" \/>\n<meta name=\"twitter:card\" content=\"summary_large_image\" \/>\n<meta name=\"twitter:label1\" content=\"Est. reading time\" \/>\n\t<meta name=\"twitter:data1\" content=\"1 minute\" \/>\n<script type=\"application\/ld+json\" class=\"yoast-schema-graph\">{\"@context\":\"https:\/\/schema.org\",\"@graph\":[{\"@type\":\"WebPage\",\"@id\":\"https:\/\/handicaplaurentides.ca\/ls\/le-rcphl\/communiques\/\",\"url\":\"https:\/\/handicaplaurentides.ca\/ls\/le-rcphl\/communiques\/\",\"name\":\"Communiqu\u00e9s - Regroupement pour la concertation des personnes handicap\u00e9es des Laurentides\",\"isPartOf\":{\"@id\":\"https:\/\/handicaplaurentides.ca\/#website\"},\"datePublished\":\"2025-07-15T16:14:03+00:00\",\"dateModified\":\"2026-03-26T23:04:31+00:00\",\"breadcrumb\":{\"@id\":\"https:\/\/handicaplaurentides.ca\/ls\/le-rcphl\/communiques\/#breadcrumb\"},\"inLanguage\":\"fr-LS\",\"potentialAction\":[{\"@type\":\"ReadAction\",\"target\":[\"https:\/\/handicaplaurentides.ca\/ls\/le-rcphl\/communiques\/\"]}]},{\"@type\":\"BreadcrumbList\",\"@id\":\"https:\/\/handicaplaurentides.ca\/ls\/le-rcphl\/communiques\/#breadcrumb\",\"itemListElement\":[{\"@type\":\"ListItem\",\"position\":1,\"name\":\"Accueil\",\"item\":\"https:\/\/handicaplaurentides.ca\/ls\/\"},{\"@type\":\"ListItem\",\"position\":2,\"name\":\"Le RCPHL\",\"item\":\"https:\/\/handicaplaurentides.ca\/ls\/le-rcphl\/\"},{\"@type\":\"ListItem\",\"position\":3,\"name\":\"Communiqu\u00e9s\"}]},{\"@type\":\"WebSite\",\"@id\":\"https:\/\/handicaplaurentides.ca\/#website\",\"url\":\"https:\/\/handicaplaurentides.ca\/\",\"name\":\"Regroupement pour la concertation des personnes handicap\u00e9es des Laurentides\",\"description\":\"RCPHL\",\"potentialAction\":[{\"@type\":\"SearchAction\",\"target\":{\"@type\":\"EntryPoint\",\"urlTemplate\":\"https:\/\/handicaplaurentides.ca\/?s={search_term_string}\"},\"query-input\":{\"@type\":\"PropertyValueSpecification\",\"valueRequired\":true,\"valueName\":\"search_term_string\"}}],\"inLanguage\":\"fr-LS\"}]}<\/script>\n<!-- \/ Yoast SEO plugin. -->","yoast_head_json":{"title":"Communiqu\u00e9s - Regroupement pour la concertation des personnes handicap\u00e9es des Laurentides","robots":{"index":"index","follow":"follow","max-snippet":"max-snippet:-1","max-image-preview":"max-image-preview:large","max-video-preview":"max-video-preview:-1"},"canonical":"https:\/\/handicaplaurentides.ca\/ls\/le-rcphl\/communiques\/","og_locale":"fr_FR","og_type":"article","og_title":"Communiqu\u00e9s - Regroupement pour la concertation des personnes handicap\u00e9es des Laurentides","og_url":"https:\/\/handicaplaurentides.ca\/ls\/le-rcphl\/communiques\/","og_site_name":"Regroupement pour la concertation des personnes handicap\u00e9es des Laurentides","article_modified_time":"2026-03-26T23:04:31+00:00","twitter_card":"summary_large_image","twitter_misc":{"Est. reading time":"1 minute"},"schema":{"@context":"https:\/\/schema.org","@graph":[{"@type":"WebPage","@id":"https:\/\/handicaplaurentides.ca\/ls\/le-rcphl\/communiques\/","url":"https:\/\/handicaplaurentides.ca\/ls\/le-rcphl\/communiques\/","name":"Communiqu\u00e9s - Regroupement pour la concertation des personnes handicap\u00e9es des Laurentides","isPartOf":{"@id":"https:\/\/handicaplaurentides.ca\/#website"},"datePublished":"2025-07-15T16:14:03+00:00","dateModified":"2026-03-26T23:04:31+00:00","breadcrumb":{"@id":"https:\/\/handicaplaurentides.ca\/ls\/le-rcphl\/communiques\/#breadcrumb"},"inLanguage":"fr-LS","potentialAction":[{"@type":"ReadAction","target":["https:\/\/handicaplaurentides.ca\/ls\/le-rcphl\/communiques\/"]}]},{"@type":"BreadcrumbList","@id":"https:\/\/handicaplaurentides.ca\/ls\/le-rcphl\/communiques\/#breadcrumb","itemListElement":[{"@type":"ListItem","position":1,"name":"Accueil","item":"https:\/\/handicaplaurentides.ca\/ls\/"},{"@type":"ListItem","position":2,"name":"Le RCPHL","item":"https:\/\/handicaplaurentides.ca\/ls\/le-rcphl\/"},{"@type":"ListItem","position":3,"name":"Communiqu\u00e9s"}]},{"@type":"WebSite","@id":"https:\/\/handicaplaurentides.ca\/#website","url":"https:\/\/handicaplaurentides.ca\/","name":"Regroupement pour la concertation des personnes handicap\u00e9es des Laurentides","description":"RCPHL","potentialAction":[{"@type":"SearchAction","target":{"@type":"EntryPoint","urlTemplate":"https:\/\/handicaplaurentides.ca\/?s={search_term_string}"},"query-input":{"@type":"PropertyValueSpecification","valueRequired":true,"valueName":"search_term_string"}}],"inLanguage":"fr-LS"}]}},"_links":{"self":[{"href":"https:\/\/handicaplaurentides.ca\/ls\/wp-json\/wp\/v2\/pages\/1708","targetHints":{"allow":["GET"]}}],"collection":[{"href":"https:\/\/handicaplaurentides.ca\/ls\/wp-json\/wp\/v2\/pages"}],"about":[{"href":"https:\/\/handicaplaurentides.ca\/ls\/wp-json\/wp\/v2\/types\/page"}],"author":[{"embeddable":true,"href":"https:\/\/handicaplaurentides.ca\/ls\/wp-json\/wp\/v2\/users\/3"}],"replies":[{"embeddable":true,"href":"https:\/\/handicaplaurentides.ca\/ls\/wp-json\/wp\/v2\/comments?post=1708"}],"version-history":[{"count":9,"href":"https:\/\/handicaplaurentides.ca\/ls\/wp-json\/wp\/v2\/pages\/1708\/revisions"}],"predecessor-version":[{"id":2077,"href":"https:\/\/handicaplaurentides.ca\/ls\/wp-json\/wp\/v2\/pages\/1708\/revisions\/2077"}],"up":[{"embeddable":true,"href":"https:\/\/handicaplaurentides.ca\/ls\/wp-json\/wp\/v2\/pages\/1705"}],"wp:attachment":[{"href":"https:\/\/handicaplaurentides.ca\/ls\/wp-json\/wp\/v2\/media?parent=1708"}],"curies":[{"name":"wp","href":"https:\/\/api.w.org\/{rel}","templated":true}]}}