{"id":1721,"date":"2025-07-15T13:52:43","date_gmt":"2025-07-15T17:52:43","guid":{"rendered":"https:\/\/handicaplaurentides.ca\/?page_id=1721"},"modified":"2025-07-15T13:52:45","modified_gmt":"2025-07-15T17:52:45","slug":"nous-joindre","status":"publish","type":"page","link":"https:\/\/handicaplaurentides.ca\/ls\/nous-joindre\/","title":{"rendered":"Nous joindre"},"content":{"rendered":"\r\n\r\n<section class=\"container-eklo\">\r\n    <div class=\"container\">\r\n        <!--\r\n       <div class=\"contrainer-title\">\r\n           <h2><\/h2>\r\n       <\/div>\r\n       -->        <div class=\"container-eklo-content\">\r\n                        <div class=\"acf-innerblocks-container\">\n\n<p>Le RCPHL a fait beaucoup d\u2019efforts pour v\u00e9rifier les informations sur ce site.<\/p>\n\n\n\n<p>Mais il peut y avoir des erreurs ou des changements.<\/p>\n\n\n\n<p>Si vous voyez une information incorrecte, dites-le-nous.<\/p>\n\n\n\n<p>Vous pouvez aussi nous envoyer vos commentaires sur le site ou poser vos questions.<\/p>\n\n\n\n<p>Si vous connaissez des ressources utiles pour les personnes handicap\u00e9es ou leur entourage, contactez-nous.<\/p>\n\n\n\n<h2 class=\"wp-block-heading\">Coordonn\u00e9es du RCPHL<\/h2>\n\n\n\n<ul class=\"wp-block-list\">\n<li><strong>Adresse postale&nbsp;:<\/strong><br>C.P. 222 Succursale Bureau-Chef<br>Saint-J\u00e9r\u00f4me (Qu\u00e9bec)<br>J7Z 5T7<\/li>\n\n\n\n<li><strong>T\u00e9l\u00e9phone&nbsp;:<\/strong>&nbsp;450 432-2229<\/li>\n\n\n\n<li><strong>Courriel&nbsp;:<\/strong>&nbsp;<a href=\"mailto:info@handicaplaurentides.ca\">info@handicaplaurentides.ca<\/a><\/li>\n<\/ul>\n\n<\/div>\r\n        <\/div>\r\n    <\/div>\r\n\r\n    <\/section>\r\n\r\n","protected":false},"excerpt":{"rendered":"<p class=\"news-item-excerpt\">Le RCPHL a fait beaucoup d\u2019efforts pour v\u00e9rifier les informations sur ce site. Mais il peut y avoir des erreurs...<\/p><a href=\"https:\/\/handicaplaurentides.ca\/ls\/nous-joindre\/\" class=\"news-item-link\"><i class=\"fa-solid fa-angle-right\"><\/i>Voir la fiche <span class=\"sr-only\">\u00e0 propos de Nous joindre<\/span><\/a>","protected":false},"author":3,"featured_media":0,"parent":0,"menu_order":2,"comment_status":"closed","ping_status":"closed","template":"","meta":{"_acf_changed":false,"footnotes":""},"class_list":["post-1721","page","type-page","status-publish","hentry"],"acf":[],"yoast_head":"<!-- This site is optimized with the Yoast SEO plugin v26.0 - https:\/\/yoast.com\/wordpress\/plugins\/seo\/ -->\n<title>Nous joindre - Regroupement pour la concertation des personnes handicap\u00e9es des Laurentides<\/title>\n<meta name=\"robots\" content=\"index, follow, max-snippet:-1, max-image-preview:large, max-video-preview:-1\" \/>\n<link rel=\"canonical\" href=\"https:\/\/handicaplaurentides.ca\/ls\/nous-joindre\/\" \/>\n<meta property=\"og:locale\" content=\"fr_FR\" \/>\n<meta property=\"og:type\" content=\"article\" \/>\n<meta property=\"og:title\" content=\"Nous joindre - Regroupement pour la concertation des personnes handicap\u00e9es des Laurentides\" \/>\n<meta property=\"og:url\" content=\"https:\/\/handicaplaurentides.ca\/ls\/nous-joindre\/\" \/>\n<meta property=\"og:site_name\" content=\"Regroupement pour la concertation des personnes handicap\u00e9es des Laurentides\" \/>\n<meta property=\"article:modified_time\" content=\"2025-07-15T17:52:45+00:00\" \/>\n<meta name=\"twitter:card\" content=\"summary_large_image\" \/>\n<meta name=\"twitter:label1\" content=\"Est. reading time\" \/>\n\t<meta name=\"twitter:data1\" content=\"1 minute\" \/>\n<script type=\"application\/ld+json\" class=\"yoast-schema-graph\">{\"@context\":\"https:\/\/schema.org\",\"@graph\":[{\"@type\":\"WebPage\",\"@id\":\"https:\/\/handicaplaurentides.ca\/ls\/nous-joindre\/\",\"url\":\"https:\/\/handicaplaurentides.ca\/ls\/nous-joindre\/\",\"name\":\"Nous joindre - Regroupement pour la concertation des personnes handicap\u00e9es des Laurentides\",\"isPartOf\":{\"@id\":\"https:\/\/handicaplaurentides.ca\/#website\"},\"datePublished\":\"2025-07-15T17:52:43+00:00\",\"dateModified\":\"2025-07-15T17:52:45+00:00\",\"breadcrumb\":{\"@id\":\"https:\/\/handicaplaurentides.ca\/ls\/nous-joindre\/#breadcrumb\"},\"inLanguage\":\"fr-LS\",\"potentialAction\":[{\"@type\":\"ReadAction\",\"target\":[\"https:\/\/handicaplaurentides.ca\/ls\/nous-joindre\/\"]}]},{\"@type\":\"BreadcrumbList\",\"@id\":\"https:\/\/handicaplaurentides.ca\/ls\/nous-joindre\/#breadcrumb\",\"itemListElement\":[{\"@type\":\"ListItem\",\"position\":1,\"name\":\"Accueil\",\"item\":\"https:\/\/handicaplaurentides.ca\/ls\/\"},{\"@type\":\"ListItem\",\"position\":2,\"name\":\"Nous joindre\"}]},{\"@type\":\"WebSite\",\"@id\":\"https:\/\/handicaplaurentides.ca\/#website\",\"url\":\"https:\/\/handicaplaurentides.ca\/\",\"name\":\"Regroupement pour la concertation des personnes handicap\u00e9es des Laurentides\",\"description\":\"RCPHL\",\"potentialAction\":[{\"@type\":\"SearchAction\",\"target\":{\"@type\":\"EntryPoint\",\"urlTemplate\":\"https:\/\/handicaplaurentides.ca\/?s={search_term_string}\"},\"query-input\":{\"@type\":\"PropertyValueSpecification\",\"valueRequired\":true,\"valueName\":\"search_term_string\"}}],\"inLanguage\":\"fr-LS\"}]}<\/script>\n<!-- \/ Yoast SEO plugin. -->","yoast_head_json":{"title":"Nous joindre - Regroupement pour la concertation des personnes handicap\u00e9es des Laurentides","robots":{"index":"index","follow":"follow","max-snippet":"max-snippet:-1","max-image-preview":"max-image-preview:large","max-video-preview":"max-video-preview:-1"},"canonical":"https:\/\/handicaplaurentides.ca\/ls\/nous-joindre\/","og_locale":"fr_FR","og_type":"article","og_title":"Nous joindre - Regroupement pour la concertation des personnes handicap\u00e9es des Laurentides","og_url":"https:\/\/handicaplaurentides.ca\/ls\/nous-joindre\/","og_site_name":"Regroupement pour la concertation des personnes handicap\u00e9es des Laurentides","article_modified_time":"2025-07-15T17:52:45+00:00","twitter_card":"summary_large_image","twitter_misc":{"Est. reading time":"1 minute"},"schema":{"@context":"https:\/\/schema.org","@graph":[{"@type":"WebPage","@id":"https:\/\/handicaplaurentides.ca\/ls\/nous-joindre\/","url":"https:\/\/handicaplaurentides.ca\/ls\/nous-joindre\/","name":"Nous joindre - Regroupement pour la concertation des personnes handicap\u00e9es des Laurentides","isPartOf":{"@id":"https:\/\/handicaplaurentides.ca\/#website"},"datePublished":"2025-07-15T17:52:43+00:00","dateModified":"2025-07-15T17:52:45+00:00","breadcrumb":{"@id":"https:\/\/handicaplaurentides.ca\/ls\/nous-joindre\/#breadcrumb"},"inLanguage":"fr-LS","potentialAction":[{"@type":"ReadAction","target":["https:\/\/handicaplaurentides.ca\/ls\/nous-joindre\/"]}]},{"@type":"BreadcrumbList","@id":"https:\/\/handicaplaurentides.ca\/ls\/nous-joindre\/#breadcrumb","itemListElement":[{"@type":"ListItem","position":1,"name":"Accueil","item":"https:\/\/handicaplaurentides.ca\/ls\/"},{"@type":"ListItem","position":2,"name":"Nous joindre"}]},{"@type":"WebSite","@id":"https:\/\/handicaplaurentides.ca\/#website","url":"https:\/\/handicaplaurentides.ca\/","name":"Regroupement pour la concertation des personnes handicap\u00e9es des Laurentides","description":"RCPHL","potentialAction":[{"@type":"SearchAction","target":{"@type":"EntryPoint","urlTemplate":"https:\/\/handicaplaurentides.ca\/?s={search_term_string}"},"query-input":{"@type":"PropertyValueSpecification","valueRequired":true,"valueName":"search_term_string"}}],"inLanguage":"fr-LS"}]}},"_links":{"self":[{"href":"https:\/\/handicaplaurentides.ca\/ls\/wp-json\/wp\/v2\/pages\/1721","targetHints":{"allow":["GET"]}}],"collection":[{"href":"https:\/\/handicaplaurentides.ca\/ls\/wp-json\/wp\/v2\/pages"}],"about":[{"href":"https:\/\/handicaplaurentides.ca\/ls\/wp-json\/wp\/v2\/types\/page"}],"author":[{"embeddable":true,"href":"https:\/\/handicaplaurentides.ca\/ls\/wp-json\/wp\/v2\/users\/3"}],"replies":[{"embeddable":true,"href":"https:\/\/handicaplaurentides.ca\/ls\/wp-json\/wp\/v2\/comments?post=1721"}],"version-history":[{"count":1,"href":"https:\/\/handicaplaurentides.ca\/ls\/wp-json\/wp\/v2\/pages\/1721\/revisions"}],"predecessor-version":[{"id":1722,"href":"https:\/\/handicaplaurentides.ca\/ls\/wp-json\/wp\/v2\/pages\/1721\/revisions\/1722"}],"wp:attachment":[{"href":"https:\/\/handicaplaurentides.ca\/ls\/wp-json\/wp\/v2\/media?parent=1721"}],"curies":[{"name":"wp","href":"https:\/\/api.w.org\/{rel}","templated":true}]}}