{"id":1731,"date":"2025-07-15T14:04:44","date_gmt":"2025-07-15T18:04:44","guid":{"rendered":"https:\/\/handicaplaurentides.ca\/?page_id=1731"},"modified":"2025-07-15T14:04:47","modified_gmt":"2025-07-15T18:04:47","slug":"politique-de-confidentialite","status":"publish","type":"page","link":"https:\/\/handicaplaurentides.ca\/ls\/politique-de-confidentialite\/","title":{"rendered":"Politique de confidentialit\u00e9"},"content":{"rendered":"\r\n\r\n<section class=\"container-eklo\">\r\n    <div class=\"container\">\r\n        <!--\r\n       <div class=\"contrainer-title\">\r\n           <h2><\/h2>\r\n       <\/div>\r\n       -->        <div class=\"container-eklo-content\">\r\n                        <div class=\"acf-innerblocks-container\">\n\n<p>Le RCPHL respecte votre vie priv\u00e9e.<\/p>\n\n\n\n<p>Nous suivons la Loi 25 sur les renseignements personnels.<\/p>\n\n\n\n<p>Nous vous expliquons ici comment vos donn\u00e9es sont utilis\u00e9es.<\/p>\n\n\n\n<h2 class=\"wp-block-heading\">Collecte des donn\u00e9es personnelles<\/h2>\n\n\n\n<p>Nous ne recueillons pas de donn\u00e9es automatiquement.<\/p>\n\n\n\n<p>Seulement les informations que vous nous donnez volontairement (comme votre nom ou votre courriel) sont enregistr\u00e9es pour vous r\u00e9pondre.<\/p>\n\n\n\n<h2 class=\"wp-block-heading\">T\u00e9moins (cookies) utilis\u00e9s<\/h2>\n\n\n\n<p>Le site utilise des cookies pour am\u00e9liorer votre exp\u00e9rience.<\/p>\n\n\n\n<p>Ils servent \u00e0 des fins statistiques ou techniques, comme :<\/p>\n\n\n\n<ul class=\"wp-block-list\">\n<li><strong>Google Analytics<\/strong> : pour savoir combien de gens visitent notre site. Les donn\u00e9es sont anonymes.<\/li>\n\n\n\n<li><strong>Gravity Forms<\/strong> : pour les formulaires que vous remplissez.<\/li>\n<\/ul>\n\n\n\n<p>Vous pouvez accepter ou refuser les cookies lors de votre premi\u00e8re visite sur le site.<\/p>\n\n\n\n<h2 class=\"wp-block-heading\">Utilisation des donn\u00e9es<\/h2>\n\n\n\n<p>Les renseignements que vous nous donnez servent \u00e0 :<\/p>\n\n\n\n<ul class=\"wp-block-list\">\n<li>R\u00e9pondre \u00e0 vos questions<\/li>\n\n\n\n<li>G\u00e9rer un formulaire ou une inscription<\/li>\n\n\n\n<li>Am\u00e9liorer votre exp\u00e9rience sur le site<\/li>\n<\/ul>\n\n\n\n<p>Vos informations ne sont jamais vendues ou partag\u00e9es sans votre accord, sauf si la loi l\u2019exige.<\/p>\n\n\n\n<h2 class=\"wp-block-heading\">Votre consentement et vos droits<\/h2>\n\n\n\n<p>Vous pouvez retirer votre consentement \u00e0 tout moment.<\/p>\n\n\n\n<p>Vous pouvez aussi demander d\u2019acc\u00e9der \u00e0 vos donn\u00e9es, de les corriger ou de les supprimer.<br><p>Pour le faire, allez \u00e0 la page <a href=\"https:\/\/handicaplaurentides.ca\/ls\/nous-joindre\/\">Nous joindre<\/a>.<\/p><\/p>\n\n\n\n<h2 class=\"wp-block-heading\">Contact<\/h2>\n\n\n\n<p>Pour toute question sur vos donn\u00e9es personnelles, \u00e9crivez-nous \u00e0 <a href=\"mailto:info@handicaplaurentides.ca\">info@handicaplaurentides.ca<\/a>.<\/p>\n\n<\/div>\r\n        <\/div>\r\n    <\/div>\r\n\r\n    <\/section>\r\n\r\n","protected":false},"excerpt":{"rendered":"<p class=\"news-item-excerpt\">Le RCPHL respecte votre vie priv\u00e9e. Nous suivons la Loi 25 sur les renseignements personnels. Nous vous expliquons ici comment...<\/p><a href=\"https:\/\/handicaplaurentides.ca\/ls\/politique-de-confidentialite\/\" class=\"news-item-link\"><i class=\"fa-solid fa-angle-right\"><\/i>Voir la fiche <span class=\"sr-only\">\u00e0 propos de Politique de confidentialit\u00e9<\/span><\/a>","protected":false},"author":3,"featured_media":0,"parent":0,"menu_order":5,"comment_status":"closed","ping_status":"closed","template":"","meta":{"_acf_changed":false,"footnotes":""},"class_list":["post-1731","page","type-page","status-publish","hentry"],"acf":[],"yoast_head":"<!-- This site is optimized with the Yoast SEO plugin v26.0 - https:\/\/yoast.com\/wordpress\/plugins\/seo\/ -->\n<title>Politique de confidentialit\u00e9 - Regroupement pour la concertation des personnes handicap\u00e9es des Laurentides<\/title>\n<meta name=\"robots\" content=\"index, follow, max-snippet:-1, max-image-preview:large, max-video-preview:-1\" \/>\n<link rel=\"canonical\" href=\"https:\/\/handicaplaurentides.ca\/ls\/politique-de-confidentialite\/\" \/>\n<meta property=\"og:locale\" content=\"fr_FR\" \/>\n<meta property=\"og:type\" content=\"article\" \/>\n<meta property=\"og:title\" content=\"Politique de confidentialit\u00e9 - Regroupement pour la concertation des personnes handicap\u00e9es des Laurentides\" \/>\n<meta property=\"og:url\" content=\"https:\/\/handicaplaurentides.ca\/ls\/politique-de-confidentialite\/\" \/>\n<meta property=\"og:site_name\" content=\"Regroupement pour la concertation des personnes handicap\u00e9es des Laurentides\" \/>\n<meta property=\"article:modified_time\" content=\"2025-07-15T18:04:47+00:00\" \/>\n<meta name=\"twitter:card\" content=\"summary_large_image\" \/>\n<meta name=\"twitter:label1\" content=\"Est. reading time\" \/>\n\t<meta name=\"twitter:data1\" content=\"2 minutes\" \/>\n<script type=\"application\/ld+json\" class=\"yoast-schema-graph\">{\"@context\":\"https:\/\/schema.org\",\"@graph\":[{\"@type\":\"WebPage\",\"@id\":\"https:\/\/handicaplaurentides.ca\/ls\/politique-de-confidentialite\/\",\"url\":\"https:\/\/handicaplaurentides.ca\/ls\/politique-de-confidentialite\/\",\"name\":\"Politique de confidentialit\u00e9 - Regroupement pour la concertation des personnes handicap\u00e9es des Laurentides\",\"isPartOf\":{\"@id\":\"https:\/\/handicaplaurentides.ca\/#website\"},\"datePublished\":\"2025-07-15T18:04:44+00:00\",\"dateModified\":\"2025-07-15T18:04:47+00:00\",\"breadcrumb\":{\"@id\":\"https:\/\/handicaplaurentides.ca\/ls\/politique-de-confidentialite\/#breadcrumb\"},\"inLanguage\":\"fr-LS\",\"potentialAction\":[{\"@type\":\"ReadAction\",\"target\":[\"https:\/\/handicaplaurentides.ca\/ls\/politique-de-confidentialite\/\"]}]},{\"@type\":\"BreadcrumbList\",\"@id\":\"https:\/\/handicaplaurentides.ca\/ls\/politique-de-confidentialite\/#breadcrumb\",\"itemListElement\":[{\"@type\":\"ListItem\",\"position\":1,\"name\":\"Accueil\",\"item\":\"https:\/\/handicaplaurentides.ca\/ls\/\"},{\"@type\":\"ListItem\",\"position\":2,\"name\":\"Politique de confidentialit\u00e9\"}]},{\"@type\":\"WebSite\",\"@id\":\"https:\/\/handicaplaurentides.ca\/#website\",\"url\":\"https:\/\/handicaplaurentides.ca\/\",\"name\":\"Regroupement pour la concertation des personnes handicap\u00e9es des Laurentides\",\"description\":\"RCPHL\",\"potentialAction\":[{\"@type\":\"SearchAction\",\"target\":{\"@type\":\"EntryPoint\",\"urlTemplate\":\"https:\/\/handicaplaurentides.ca\/?s={search_term_string}\"},\"query-input\":{\"@type\":\"PropertyValueSpecification\",\"valueRequired\":true,\"valueName\":\"search_term_string\"}}],\"inLanguage\":\"fr-LS\"}]}<\/script>\n<!-- \/ Yoast SEO plugin. -->","yoast_head_json":{"title":"Politique de confidentialit\u00e9 - Regroupement pour la concertation des personnes handicap\u00e9es des Laurentides","robots":{"index":"index","follow":"follow","max-snippet":"max-snippet:-1","max-image-preview":"max-image-preview:large","max-video-preview":"max-video-preview:-1"},"canonical":"https:\/\/handicaplaurentides.ca\/ls\/politique-de-confidentialite\/","og_locale":"fr_FR","og_type":"article","og_title":"Politique de confidentialit\u00e9 - Regroupement pour la concertation des personnes handicap\u00e9es des Laurentides","og_url":"https:\/\/handicaplaurentides.ca\/ls\/politique-de-confidentialite\/","og_site_name":"Regroupement pour la concertation des personnes handicap\u00e9es des Laurentides","article_modified_time":"2025-07-15T18:04:47+00:00","twitter_card":"summary_large_image","twitter_misc":{"Est. reading time":"2 minutes"},"schema":{"@context":"https:\/\/schema.org","@graph":[{"@type":"WebPage","@id":"https:\/\/handicaplaurentides.ca\/ls\/politique-de-confidentialite\/","url":"https:\/\/handicaplaurentides.ca\/ls\/politique-de-confidentialite\/","name":"Politique de confidentialit\u00e9 - Regroupement pour la concertation des personnes handicap\u00e9es des Laurentides","isPartOf":{"@id":"https:\/\/handicaplaurentides.ca\/#website"},"datePublished":"2025-07-15T18:04:44+00:00","dateModified":"2025-07-15T18:04:47+00:00","breadcrumb":{"@id":"https:\/\/handicaplaurentides.ca\/ls\/politique-de-confidentialite\/#breadcrumb"},"inLanguage":"fr-LS","potentialAction":[{"@type":"ReadAction","target":["https:\/\/handicaplaurentides.ca\/ls\/politique-de-confidentialite\/"]}]},{"@type":"BreadcrumbList","@id":"https:\/\/handicaplaurentides.ca\/ls\/politique-de-confidentialite\/#breadcrumb","itemListElement":[{"@type":"ListItem","position":1,"name":"Accueil","item":"https:\/\/handicaplaurentides.ca\/ls\/"},{"@type":"ListItem","position":2,"name":"Politique de confidentialit\u00e9"}]},{"@type":"WebSite","@id":"https:\/\/handicaplaurentides.ca\/#website","url":"https:\/\/handicaplaurentides.ca\/","name":"Regroupement pour la concertation des personnes handicap\u00e9es des Laurentides","description":"RCPHL","potentialAction":[{"@type":"SearchAction","target":{"@type":"EntryPoint","urlTemplate":"https:\/\/handicaplaurentides.ca\/?s={search_term_string}"},"query-input":{"@type":"PropertyValueSpecification","valueRequired":true,"valueName":"search_term_string"}}],"inLanguage":"fr-LS"}]}},"_links":{"self":[{"href":"https:\/\/handicaplaurentides.ca\/ls\/wp-json\/wp\/v2\/pages\/1731","targetHints":{"allow":["GET"]}}],"collection":[{"href":"https:\/\/handicaplaurentides.ca\/ls\/wp-json\/wp\/v2\/pages"}],"about":[{"href":"https:\/\/handicaplaurentides.ca\/ls\/wp-json\/wp\/v2\/types\/page"}],"author":[{"embeddable":true,"href":"https:\/\/handicaplaurentides.ca\/ls\/wp-json\/wp\/v2\/users\/3"}],"replies":[{"embeddable":true,"href":"https:\/\/handicaplaurentides.ca\/ls\/wp-json\/wp\/v2\/comments?post=1731"}],"version-history":[{"count":2,"href":"https:\/\/handicaplaurentides.ca\/ls\/wp-json\/wp\/v2\/pages\/1731\/revisions"}],"predecessor-version":[{"id":1733,"href":"https:\/\/handicaplaurentides.ca\/ls\/wp-json\/wp\/v2\/pages\/1731\/revisions\/1733"}],"wp:attachment":[{"href":"https:\/\/handicaplaurentides.ca\/ls\/wp-json\/wp\/v2\/media?parent=1731"}],"curies":[{"name":"wp","href":"https:\/\/api.w.org\/{rel}","templated":true}]}}