{"id":1735,"date":"2025-07-15T14:08:29","date_gmt":"2025-07-15T18:08:29","guid":{"rendered":"https:\/\/handicaplaurentides.ca\/?page_id=1735"},"modified":"2025-07-15T14:08:32","modified_gmt":"2025-07-15T18:08:32","slug":"non-responsabilite-du-rcphl","status":"publish","type":"page","link":"https:\/\/handicaplaurentides.ca\/ls\/non-responsabilite-du-rcphl\/","title":{"rendered":"Non-responsabilit\u00e9 du RCPHL"},"content":{"rendered":"\r\n\r\n<section class=\"container-eklo\">\r\n    <div class=\"container\">\r\n        <!--\r\n       <div class=\"contrainer-title\">\r\n           <h2><\/h2>\r\n       <\/div>\r\n       -->        <div class=\"container-eklo-content\">\r\n                        <div class=\"acf-innerblocks-container\">\n\n<h2 class=\"wp-block-heading\">Reconnaissance et qualit\u00e9 des services<\/h2>\n\n\n\n<p>Le RCPHL affiche des liens vers d\u2019autres ressources ou organismes sur ce site.<\/p>\n\n\n\n<p>Cela ne veut pas dire que le RCPHL approuve ou reconna\u00eet officiellement ces ressources.<\/p>\n\n\n\n<p>Le RCPHL ne garantit pas la qualit\u00e9 des services offerts par ces ressources.<\/p>\n\n\n\n<p>Le RCPHL n\u2019est pas responsable des informations ni des services offerts par ces organismes.<\/p>\n\n\n\n<hr class=\"wp-block-separator has-alpha-channel-opacity\"\/>\n\n\n\n<h2 class=\"wp-block-heading\">R\u00e9seaux de services publics<\/h2>\n\n\n\n<p>Le RCPHL a tent\u00e9 de d\u00e9crire les services publics le plus fid\u00e8lement possible.<\/p>\n\n\n\n<p>Mais ces services changent souvent.<\/p>\n\n\n\n<p>Le RCPHL ne peut pas garantir que toutes les informations sur les r\u00e9seaux publics (comme la sant\u00e9 ou l\u2019\u00e9ducation) sont exactes ou \u00e0 jour.<\/p>\n\n\n\n<hr class=\"wp-block-separator has-alpha-channel-opacity\"\/>\n\n\n\n<h2 class=\"wp-block-heading\">Valeur l\u00e9gale<\/h2>\n\n\n\n<p>Les textes sur les organismes ont \u00e9t\u00e9 simplifi\u00e9s pour mieux les comprendre.<\/p>\n\n\n\n<p>Ils ne remplacent pas les textes officiels.<\/p>\n\n\n\n<p>Ces informations sont faites pour \u00eatre accessibles aux personnes avec des difficult\u00e9s de lecture.<\/p>\n\n\n\n<hr class=\"wp-block-separator has-alpha-channel-opacity\"\/>\n\n\n\n<h2 class=\"wp-block-heading\">Version texte simplifi\u00e9<\/h2>\n\n\n\n<p>Le texte simplifi\u00e9 est une fa\u00e7on sp\u00e9ciale d\u2019\u00e9crire pour aider les personnes ayant de la difficult\u00e9 \u00e0 lire ou vivant avec un handicap.<\/p>\n\n\n\n<p>Le RCPHL croit que tout le monde a droit \u00e0 une information claire et compr\u00e9hensible.<\/p>\n\n\n\n<p>Le texte simplifi\u00e9 aide les gens \u00e0 mieux comprendre, \u00e0 participer et \u00e0 devenir plus autonomes.<\/p>\n\n\n\n<p>Mais le RCPHL ne garantit pas que l\u2019information est toujours exacte, compl\u00e8te ou \u00e0 jour.<\/p>\n\n<\/div>\r\n        <\/div>\r\n    <\/div>\r\n\r\n    <\/section>\r\n\r\n","protected":false},"excerpt":{"rendered":"<p class=\"news-item-excerpt\">Reconnaissance et qualit\u00e9 des services Le RCPHL affiche des liens vers d\u2019autres ressources ou organismes sur ce site. Cela ne...<\/p><a href=\"https:\/\/handicaplaurentides.ca\/ls\/non-responsabilite-du-rcphl\/\" class=\"news-item-link\"><i class=\"fa-solid fa-angle-right\"><\/i>Voir la fiche <span class=\"sr-only\">\u00e0 propos de Non-responsabilit\u00e9 du RCPHL<\/span><\/a>","protected":false},"author":3,"featured_media":0,"parent":0,"menu_order":6,"comment_status":"closed","ping_status":"closed","template":"","meta":{"_acf_changed":false,"footnotes":""},"class_list":["post-1735","page","type-page","status-publish","hentry"],"acf":[],"yoast_head":"<!-- This site is optimized with the Yoast SEO plugin v26.0 - https:\/\/yoast.com\/wordpress\/plugins\/seo\/ -->\n<title>Non-responsabilit\u00e9 du RCPHL - Regroupement pour la concertation des personnes handicap\u00e9es des Laurentides<\/title>\n<meta name=\"robots\" content=\"index, follow, max-snippet:-1, max-image-preview:large, max-video-preview:-1\" \/>\n<link rel=\"canonical\" href=\"https:\/\/handicaplaurentides.ca\/ls\/non-responsabilite-du-rcphl\/\" \/>\n<meta property=\"og:locale\" content=\"fr_FR\" \/>\n<meta property=\"og:type\" content=\"article\" \/>\n<meta property=\"og:title\" content=\"Non-responsabilit\u00e9 du RCPHL - Regroupement pour la concertation des personnes handicap\u00e9es des Laurentides\" \/>\n<meta property=\"og:url\" content=\"https:\/\/handicaplaurentides.ca\/ls\/non-responsabilite-du-rcphl\/\" \/>\n<meta property=\"og:site_name\" content=\"Regroupement pour la concertation des personnes handicap\u00e9es des Laurentides\" \/>\n<meta property=\"article:modified_time\" content=\"2025-07-15T18:08:32+00:00\" \/>\n<meta name=\"twitter:card\" content=\"summary_large_image\" \/>\n<meta name=\"twitter:label1\" content=\"Est. reading time\" \/>\n\t<meta name=\"twitter:data1\" content=\"2 minutes\" \/>\n<script type=\"application\/ld+json\" class=\"yoast-schema-graph\">{\"@context\":\"https:\/\/schema.org\",\"@graph\":[{\"@type\":\"WebPage\",\"@id\":\"https:\/\/handicaplaurentides.ca\/ls\/non-responsabilite-du-rcphl\/\",\"url\":\"https:\/\/handicaplaurentides.ca\/ls\/non-responsabilite-du-rcphl\/\",\"name\":\"Non-responsabilit\u00e9 du RCPHL - Regroupement pour la concertation des personnes handicap\u00e9es des Laurentides\",\"isPartOf\":{\"@id\":\"https:\/\/handicaplaurentides.ca\/#website\"},\"datePublished\":\"2025-07-15T18:08:29+00:00\",\"dateModified\":\"2025-07-15T18:08:32+00:00\",\"breadcrumb\":{\"@id\":\"https:\/\/handicaplaurentides.ca\/ls\/non-responsabilite-du-rcphl\/#breadcrumb\"},\"inLanguage\":\"fr-LS\",\"potentialAction\":[{\"@type\":\"ReadAction\",\"target\":[\"https:\/\/handicaplaurentides.ca\/ls\/non-responsabilite-du-rcphl\/\"]}]},{\"@type\":\"BreadcrumbList\",\"@id\":\"https:\/\/handicaplaurentides.ca\/ls\/non-responsabilite-du-rcphl\/#breadcrumb\",\"itemListElement\":[{\"@type\":\"ListItem\",\"position\":1,\"name\":\"Accueil\",\"item\":\"https:\/\/handicaplaurentides.ca\/ls\/\"},{\"@type\":\"ListItem\",\"position\":2,\"name\":\"Non-responsabilit\u00e9 du RCPHL\"}]},{\"@type\":\"WebSite\",\"@id\":\"https:\/\/handicaplaurentides.ca\/#website\",\"url\":\"https:\/\/handicaplaurentides.ca\/\",\"name\":\"Regroupement pour la concertation des personnes handicap\u00e9es des Laurentides\",\"description\":\"RCPHL\",\"potentialAction\":[{\"@type\":\"SearchAction\",\"target\":{\"@type\":\"EntryPoint\",\"urlTemplate\":\"https:\/\/handicaplaurentides.ca\/?s={search_term_string}\"},\"query-input\":{\"@type\":\"PropertyValueSpecification\",\"valueRequired\":true,\"valueName\":\"search_term_string\"}}],\"inLanguage\":\"fr-LS\"}]}<\/script>\n<!-- \/ Yoast SEO plugin. -->","yoast_head_json":{"title":"Non-responsabilit\u00e9 du RCPHL - Regroupement pour la concertation des personnes handicap\u00e9es des Laurentides","robots":{"index":"index","follow":"follow","max-snippet":"max-snippet:-1","max-image-preview":"max-image-preview:large","max-video-preview":"max-video-preview:-1"},"canonical":"https:\/\/handicaplaurentides.ca\/ls\/non-responsabilite-du-rcphl\/","og_locale":"fr_FR","og_type":"article","og_title":"Non-responsabilit\u00e9 du RCPHL - Regroupement pour la concertation des personnes handicap\u00e9es des Laurentides","og_url":"https:\/\/handicaplaurentides.ca\/ls\/non-responsabilite-du-rcphl\/","og_site_name":"Regroupement pour la concertation des personnes handicap\u00e9es des Laurentides","article_modified_time":"2025-07-15T18:08:32+00:00","twitter_card":"summary_large_image","twitter_misc":{"Est. reading time":"2 minutes"},"schema":{"@context":"https:\/\/schema.org","@graph":[{"@type":"WebPage","@id":"https:\/\/handicaplaurentides.ca\/ls\/non-responsabilite-du-rcphl\/","url":"https:\/\/handicaplaurentides.ca\/ls\/non-responsabilite-du-rcphl\/","name":"Non-responsabilit\u00e9 du RCPHL - Regroupement pour la concertation des personnes handicap\u00e9es des Laurentides","isPartOf":{"@id":"https:\/\/handicaplaurentides.ca\/#website"},"datePublished":"2025-07-15T18:08:29+00:00","dateModified":"2025-07-15T18:08:32+00:00","breadcrumb":{"@id":"https:\/\/handicaplaurentides.ca\/ls\/non-responsabilite-du-rcphl\/#breadcrumb"},"inLanguage":"fr-LS","potentialAction":[{"@type":"ReadAction","target":["https:\/\/handicaplaurentides.ca\/ls\/non-responsabilite-du-rcphl\/"]}]},{"@type":"BreadcrumbList","@id":"https:\/\/handicaplaurentides.ca\/ls\/non-responsabilite-du-rcphl\/#breadcrumb","itemListElement":[{"@type":"ListItem","position":1,"name":"Accueil","item":"https:\/\/handicaplaurentides.ca\/ls\/"},{"@type":"ListItem","position":2,"name":"Non-responsabilit\u00e9 du RCPHL"}]},{"@type":"WebSite","@id":"https:\/\/handicaplaurentides.ca\/#website","url":"https:\/\/handicaplaurentides.ca\/","name":"Regroupement pour la concertation des personnes handicap\u00e9es des Laurentides","description":"RCPHL","potentialAction":[{"@type":"SearchAction","target":{"@type":"EntryPoint","urlTemplate":"https:\/\/handicaplaurentides.ca\/?s={search_term_string}"},"query-input":{"@type":"PropertyValueSpecification","valueRequired":true,"valueName":"search_term_string"}}],"inLanguage":"fr-LS"}]}},"_links":{"self":[{"href":"https:\/\/handicaplaurentides.ca\/ls\/wp-json\/wp\/v2\/pages\/1735","targetHints":{"allow":["GET"]}}],"collection":[{"href":"https:\/\/handicaplaurentides.ca\/ls\/wp-json\/wp\/v2\/pages"}],"about":[{"href":"https:\/\/handicaplaurentides.ca\/ls\/wp-json\/wp\/v2\/types\/page"}],"author":[{"embeddable":true,"href":"https:\/\/handicaplaurentides.ca\/ls\/wp-json\/wp\/v2\/users\/3"}],"replies":[{"embeddable":true,"href":"https:\/\/handicaplaurentides.ca\/ls\/wp-json\/wp\/v2\/comments?post=1735"}],"version-history":[{"count":1,"href":"https:\/\/handicaplaurentides.ca\/ls\/wp-json\/wp\/v2\/pages\/1735\/revisions"}],"predecessor-version":[{"id":1736,"href":"https:\/\/handicaplaurentides.ca\/ls\/wp-json\/wp\/v2\/pages\/1735\/revisions\/1736"}],"wp:attachment":[{"href":"https:\/\/handicaplaurentides.ca\/ls\/wp-json\/wp\/v2\/media?parent=1735"}],"curies":[{"name":"wp","href":"https:\/\/api.w.org\/{rel}","templated":true}]}}